{"id":2,"date":"2017-06-20T23:10:27","date_gmt":"2017-06-20T21:10:27","guid":{"rendered":"http:\/\/centox100casa.it\/wordpress\/?page_id=2"},"modified":"2017-08-21T19:14:36","modified_gmt":"2017-08-21T17:14:36","slug":"progetto","status":"publish","type":"page","link":"https:\/\/centox100casa.it\/wordpress\/progetto\/","title":{"rendered":"PROGETTO"},"content":{"rendered":"<p>Partendo da un\u2019idea degli architetti Angelo Rossi ed Enrico Ottoni e avvalendosi dell\u2019esperienza maturata dall\u2019azienda in oltre 50 anni di attivit\u00e0, il team tecnico CasaAttiva ha concretizzato il progetto CentoX100CasA rendendolo realt\u00e0.<\/p>\n<p>CentoX100CasA\u00a0 racchiude in s\u00e9 i benefici largamente riconosciuti agli edifici biocompatibili, i vantaggi derivanti da una scrupolosa ottimizzazione dei processi produttivi. Queste attenzioni, unite ad un attento dimensionamento degli spazi abitativi, producono soluzioni abitative a prezzi ottimali.<\/p>\n<p>Le abitazioni CentoX100CasA si caratterizzano per l\u2019utilizzo di materiali naturali performanti che garantiscono massimo comfort abitativo ed elevata efficienza energetica. La modularit\u00e0 del progetto consente l\u2019aggiunta di\u00a0 nuovi locali attorno al modulo principale, per configurare nuove abitazioni aderenti alle esigenze attuali e future della moderna famiglia.<\/p>\n<h2><strong>OBBIETTIVO \u00a0CentoX100CasA<\/strong><\/h2>\n<p>Amplificare le possibilit\u00e0 abitative delle moderne case in legno offrendo, a costi contenuti,\u00a0 soluzioni adatte alle diverse esigenze della famiglia tipo.<\/p>\n<p>IL RISULTATO \u2013 ALTA QUALITA\u2019 AL PREZZO GIUSTO<\/p>\n<p>Centox100CasA racchiude in s\u00e9 tutte le peculiarit\u00e0 di una casa in legno CasaAttiva :<\/p>\n<ul>\n<li>BIOCOMPATIBILE grazie all&#8217;utilizzo di materiali naturali performanti<\/li>\n<li>ECOSOSTENIBILE realizzata con materiali ecologici<\/li>\n<li>ANTISISMICA grazie ad una specifica modellazione del legno<\/li>\n<li>CERTIFICATA: garanzia trentennale sulla struttura<\/li>\n<li>AD ELEVATA EFFICIENZA ENERGETICA: classe energetica A4<\/li>\n<li>SU MISURA, in linea con le tue necessit\u00e0 e possibilit\u00e0<\/li>\n<\/ul>\n<h2>EFFICIENZA ABITATIVA ED ENERGETICA<\/h2>\n<p>L\u2019utilizzo di materiali naturali performanti unito ad una corretta progettazione architettonica dell\u2019edificio consente a Centox100CasA di raggiungere il massimo comfort abitativo ed un\u2019eccellente efficienza energetica, avvicinando alla <strong>soglia dello zero<\/strong> i <strong>costi energetici annui<\/strong>.<em> La salubrit\u00e0 ed il comfort delle moderne case in legno con qualcosa in pi\u00f9<\/em>!<\/p>\n<h2>PERSONALIZZAZIONE<\/h2>\n<p>Centox100CasA \u00e8 un progetto abitativo aperto a diverse necessit\u00e0. Si potr\u00e0 di fatto scegliere tra le svariate soluzioni architettoniche quella che meglio risponde a specifici bisogni. Si potr\u00e0\u00a0 personalizzare la nuova casa in ogni dettaglio, nei serramenti, nei pavimenti, nelle finiture interne ed esterne;\u00a0 affinch\u00e9 essa possa parlare dei suoi proprietari in ogni suo elemento.<\/p>\n<h2>GARANZIA<\/h2>\n<p>Centox100CasA \u00e8 un progetto di CasaAttiva, azienda certificata S.A.L.E &#8211; Sistema Affidabilit\u00e0 Legno Edilizia-. La \u00a0certificazione attesta che l\u2019intero processo produttivo, dai materiali alla lavorazione in stabilimento fino al montaggio in cantiere, segue le normative\u00a0 redatte dall\u2019ente nazionale di riferimento \u2013 FEDERLEGNO. In quanto azienda certificata S.A.L.E, CasaAttiva ti permette di avere accesso a pacchetti di credito bancario ed assicurativo rivolti unicamente alla realizzazione di un&#8217;edifico prefabbricato in legno.<\/p>\n<h3><a href=\"http:\/\/www.casaattiva.com\/protocollo-s-a-l-e\/\">maggiori informazioni sulla certificazione e sui gruppi bancari\/assicurativi aderenti<\/a><\/h3>\n<p>La sicurezza di un buon investimento, \u00a0la garanzia della perfetta realizzazione della tua casa in legno.<\/p>\n<p>CasaAttiva, marchio registastrato de Il Legno su Misura srl, \u00e8 un centro di trasformazione certificato a livello nazionale.<\/p>\n<p><a href=\"https:\/\/centox100casa.it\/wordpress\/wp-content\/uploads\/2017\/07\/CERTIFICAZIONI-MATERIALI-x-uso-commerciale.jpg\" target=\"_blank\" rel=\"noopener\"><strong>Il documento<\/strong><\/a><\/p>\n<p>&nbsp;<\/p>\n<p>Le nostre certificazioni<\/p>\n<p><strong><img loading=\"lazy\" decoding=\"async\" width=\"500\" height=\"100\" class=\"alignnone size-full wp-image-150\" src=\"https:\/\/centox100casa.it\/wordpress\/wp-content\/uploads\/2017\/06\/cert.jpg\" alt=\"\" srcset=\"https:\/\/centox100casa.it\/wordpress\/wp-content\/uploads\/2017\/06\/cert.jpg 500w, https:\/\/centox100casa.it\/wordpress\/wp-content\/uploads\/2017\/06\/cert-120x24.jpg 120w\" sizes=\"auto, (max-width: 500px) 100vw, 500px\" \/>\u00a0 \u00a0 \u00a0\u00a0\u00a0 \u00a0\u00a0 \u00a0\u00a0<\/strong><\/p>\n","protected":false},"excerpt":{"rendered":"Partendo da un\u2019idea degli architetti Angelo Rossi ed Enrico Ottoni e avvalendosi dell\u2019esperienza maturata dall\u2019azienda in oltre 50 anni di attivit\u00e0, il team tecnico CasaAttiva ha concretizzato il progetto CentoX100CasA rendendolo realt\u00e0. CentoX100CasA\u00a0 racchiude in s\u00e9 i benefici largamente riconosciuti agli edifici biocompatibili, i vantaggi derivanti da una scrupolosa ottimizzazione dei processi produttivi. Queste attenzioni,&#8230; <a class=\"view-article\" href=\"https:\/\/centox100casa.it\/wordpress\/progetto\/\">Mostra articolo<\/a>","protected":false},"author":1,"featured_media":130,"parent":0,"menu_order":0,"comment_status":"closed","ping_status":"open","template":"template-progetto.php","meta":{"footnotes":""},"class_list":["post-2","page","type-page","status-publish","has-post-thumbnail","hentry"],"_links":{"self":[{"href":"https:\/\/centox100casa.it\/wordpress\/wp-json\/wp\/v2\/pages\/2","targetHints":{"allow":["GET"]}}],"collection":[{"href":"https:\/\/centox100casa.it\/wordpress\/wp-json\/wp\/v2\/pages"}],"about":[{"href":"https:\/\/centox100casa.it\/wordpress\/wp-json\/wp\/v2\/types\/page"}],"author":[{"embeddable":true,"href":"https:\/\/centox100casa.it\/wordpress\/wp-json\/wp\/v2\/users\/1"}],"replies":[{"embeddable":true,"href":"https:\/\/centox100casa.it\/wordpress\/wp-json\/wp\/v2\/comments?post=2"}],"version-history":[{"count":29,"href":"https:\/\/centox100casa.it\/wordpress\/wp-json\/wp\/v2\/pages\/2\/revisions"}],"predecessor-version":[{"id":191,"href":"https:\/\/centox100casa.it\/wordpress\/wp-json\/wp\/v2\/pages\/2\/revisions\/191"}],"wp:featuredmedia":[{"embeddable":true,"href":"https:\/\/centox100casa.it\/wordpress\/wp-json\/wp\/v2\/media\/130"}],"wp:attachment":[{"href":"https:\/\/centox100casa.it\/wordpress\/wp-json\/wp\/v2\/media?parent=2"}],"curies":[{"name":"wp","href":"https:\/\/api.w.org\/{rel}","templated":true}]}}